{"id":180,"date":"2016-03-11T10:57:45","date_gmt":"2016-03-11T10:57:45","guid":{"rendered":"http:\/\/4kmx.com\/?page_id=180"},"modified":"2023-12-14T17:41:50","modified_gmt":"2023-12-14T17:41:50","slug":"politica-de-privacidad","status":"publish","type":"page","link":"https:\/\/4kmx.com\/index.php\/politica-de-privacidad\/","title":{"rendered":"Pol\u00edtica de privacidad"},"content":{"rendered":"<p>De conformidad con lo establecido en la normativa vigente en Protecci\u00f3n de Datos de Car\u00e1cter Personal, le informamos que sus datos ser\u00e1n incorporados al sistema de tratamiento titularidad de Kull Servicios Inform\u00e1ticos S.L.\u00a0con CIF B82180803 y domicilio social sito en Avenida M-40, N\u00aa 23 Bajo 29, 28925, Alcorc\u00f3n (Madrid), con la finalidad de atender sus consultas. En cumplimiento con la normativa vigente, Kull Servicios Inform\u00e1ticos S.L. informa que los datos ser\u00e1n conservados durante el plazo estrictamente necesario para cumplir con los preceptos mencionados con anterioridad.<br \/>\nAsimismo le informamos que el tratamiento indicado en el p\u00e1rrafo anterior tratamos sus datos conforme a la existencia de su consentimiento.<br \/>\nMientras no nos comunique lo contrario, entenderemos que sus datos no han sido modificados, que usted se compromete a notificarnos cualquier variaci\u00f3n y que tenemos su consentimiento para utilizarlos para las finalidades mencionadas.<br \/>\nKull Servicios Inform\u00e1ticos S.L. informa que proceder\u00e1 a tratar los datos de manera l\u00edcita, leal, transparente, adecuada, pertinente, limitada, exacta y actualizada. Es por ello que Kull Servicios Inform\u00e1ticos S.L. se compromete a adoptar todas las medidas razonables para que estos se supriman o rectifiquen sin dilaci\u00f3n cuando sean inexactos.<br \/>\nDe acuerdo con los derechos que le confiere el la normativa vigente en protecci\u00f3n de datos podr\u00e1 ejercer los derechos de acceso, rectificaci\u00f3n, limitaci\u00f3n de tratamiento, supresi\u00f3n, portabilidad y oposici\u00f3n al tratamiento de sus datos de car\u00e1cter personal as\u00ed como del consentimiento prestado para el tratamiento de los mismos, dirigiendo su petici\u00f3n a la direcci\u00f3n postal indicada m\u00e1s arriba o al correo electr\u00f3nico info@4kmx.com.<br \/>\nLe informamos que podr\u00e1 revocar en cualquier momento el consentimiento prestado a la recepci\u00f3n de comunicaciones comerciales enviando un e-mail a la direcci\u00f3n de correo electr\u00f3nico: info@4kmx.com.<br \/>\nPodr\u00e1 dirigirse a la Autoridad de Control competente para presentar la reclamaci\u00f3n que considere oportuna.<br \/>\nEl env\u00edo de estos datos implica la aceptaci\u00f3n de esta cl\u00e1usula.<\/p>\n","protected":false},"excerpt":{"rendered":"<p>De conformidad con lo establecido en la normativa vigente en Protecci\u00f3n de Datos de Car\u00e1cter Personal, le informamos que sus datos ser\u00e1n incorporados al sistema de tratamiento titularidad de Kull Servicios Inform\u00e1ticos S.L.\u00a0con CIF B82180803 y domicilio social sito en Avenida M-40, N\u00aa 23 Bajo 29, 28925, Alcorc\u00f3n (Madrid), con la finalidad de atender sus [&hellip;]<\/p>\n","protected":false},"author":1,"featured_media":0,"parent":0,"menu_order":0,"comment_status":"closed","ping_status":"closed","template":"template-fullwidth.php","meta":{"footnotes":""},"class_list":["post-180","page","type-page","status-publish","hentry"],"yoast_head":"<!-- This site is optimized with the Yoast SEO plugin v26.6 - https:\/\/yoast.com\/wordpress\/plugins\/seo\/ -->\n<title>Pol\u00edtica de privacidad - 4kmx Adhesivos Motocross<\/title>\n<meta name=\"robots\" content=\"index, follow, max-snippet:-1, max-image-preview:large, max-video-preview:-1\" \/>\n<link rel=\"canonical\" href=\"https:\/\/4kmx.com\/index.php\/politica-de-privacidad\/\" \/>\n<meta property=\"og:locale\" content=\"es_ES\" \/>\n<meta property=\"og:type\" content=\"article\" \/>\n<meta property=\"og:title\" content=\"Pol\u00edtica de privacidad - 4kmx Adhesivos Motocross\" \/>\n<meta property=\"og:description\" content=\"De conformidad con lo establecido en la normativa vigente en Protecci\u00f3n de Datos de Car\u00e1cter Personal, le informamos que sus datos ser\u00e1n incorporados al sistema de tratamiento titularidad de Kull Servicios Inform\u00e1ticos S.L.\u00a0con CIF B82180803 y domicilio social sito en Avenida M-40, N\u00aa 23 Bajo 29, 28925, Alcorc\u00f3n (Madrid), con la finalidad de atender sus [&hellip;]\" \/>\n<meta property=\"og:url\" content=\"https:\/\/4kmx.com\/index.php\/politica-de-privacidad\/\" \/>\n<meta property=\"og:site_name\" content=\"4kmx Adhesivos Motocross\" \/>\n<meta property=\"article:modified_time\" content=\"2023-12-14T17:41:50+00:00\" \/>\n<meta name=\"twitter:card\" content=\"summary_large_image\" \/>\n<meta name=\"twitter:label1\" content=\"Tiempo de lectura\" \/>\n\t<meta name=\"twitter:data1\" content=\"2 minutos\" \/>\n<script type=\"application\/ld+json\" class=\"yoast-schema-graph\">{\"@context\":\"https:\/\/schema.org\",\"@graph\":[{\"@type\":\"WebPage\",\"@id\":\"https:\/\/4kmx.com\/index.php\/politica-de-privacidad\/\",\"url\":\"https:\/\/4kmx.com\/index.php\/politica-de-privacidad\/\",\"name\":\"Pol\u00edtica de privacidad - 4kmx Adhesivos Motocross\",\"isPartOf\":{\"@id\":\"https:\/\/4kmx.com\/#website\"},\"datePublished\":\"2016-03-11T10:57:45+00:00\",\"dateModified\":\"2023-12-14T17:41:50+00:00\",\"breadcrumb\":{\"@id\":\"https:\/\/4kmx.com\/index.php\/politica-de-privacidad\/#breadcrumb\"},\"inLanguage\":\"es\",\"potentialAction\":[{\"@type\":\"ReadAction\",\"target\":[\"https:\/\/4kmx.com\/index.php\/politica-de-privacidad\/\"]}]},{\"@type\":\"BreadcrumbList\",\"@id\":\"https:\/\/4kmx.com\/index.php\/politica-de-privacidad\/#breadcrumb\",\"itemListElement\":[{\"@type\":\"ListItem\",\"position\":1,\"name\":\"Portada\",\"item\":\"https:\/\/4kmx.com\/\"},{\"@type\":\"ListItem\",\"position\":2,\"name\":\"Pol\u00edtica de privacidad\"}]},{\"@type\":\"WebSite\",\"@id\":\"https:\/\/4kmx.com\/#website\",\"url\":\"https:\/\/4kmx.com\/\",\"name\":\"4kmx Adhesivos Motocross\",\"description\":\"MX Graphics\",\"potentialAction\":[{\"@type\":\"SearchAction\",\"target\":{\"@type\":\"EntryPoint\",\"urlTemplate\":\"https:\/\/4kmx.com\/?s={search_term_string}\"},\"query-input\":{\"@type\":\"PropertyValueSpecification\",\"valueRequired\":true,\"valueName\":\"search_term_string\"}}],\"inLanguage\":\"es\"}]}<\/script>\n<!-- \/ Yoast SEO plugin. -->","yoast_head_json":{"title":"Pol\u00edtica de privacidad - 4kmx Adhesivos Motocross","robots":{"index":"index","follow":"follow","max-snippet":"max-snippet:-1","max-image-preview":"max-image-preview:large","max-video-preview":"max-video-preview:-1"},"canonical":"https:\/\/4kmx.com\/index.php\/politica-de-privacidad\/","og_locale":"es_ES","og_type":"article","og_title":"Pol\u00edtica de privacidad - 4kmx Adhesivos Motocross","og_description":"De conformidad con lo establecido en la normativa vigente en Protecci\u00f3n de Datos de Car\u00e1cter Personal, le informamos que sus datos ser\u00e1n incorporados al sistema de tratamiento titularidad de Kull Servicios Inform\u00e1ticos S.L.\u00a0con CIF B82180803 y domicilio social sito en Avenida M-40, N\u00aa 23 Bajo 29, 28925, Alcorc\u00f3n (Madrid), con la finalidad de atender sus [&hellip;]","og_url":"https:\/\/4kmx.com\/index.php\/politica-de-privacidad\/","og_site_name":"4kmx Adhesivos Motocross","article_modified_time":"2023-12-14T17:41:50+00:00","twitter_card":"summary_large_image","twitter_misc":{"Tiempo de lectura":"2 minutos"},"schema":{"@context":"https:\/\/schema.org","@graph":[{"@type":"WebPage","@id":"https:\/\/4kmx.com\/index.php\/politica-de-privacidad\/","url":"https:\/\/4kmx.com\/index.php\/politica-de-privacidad\/","name":"Pol\u00edtica de privacidad - 4kmx Adhesivos Motocross","isPartOf":{"@id":"https:\/\/4kmx.com\/#website"},"datePublished":"2016-03-11T10:57:45+00:00","dateModified":"2023-12-14T17:41:50+00:00","breadcrumb":{"@id":"https:\/\/4kmx.com\/index.php\/politica-de-privacidad\/#breadcrumb"},"inLanguage":"es","potentialAction":[{"@type":"ReadAction","target":["https:\/\/4kmx.com\/index.php\/politica-de-privacidad\/"]}]},{"@type":"BreadcrumbList","@id":"https:\/\/4kmx.com\/index.php\/politica-de-privacidad\/#breadcrumb","itemListElement":[{"@type":"ListItem","position":1,"name":"Portada","item":"https:\/\/4kmx.com\/"},{"@type":"ListItem","position":2,"name":"Pol\u00edtica de privacidad"}]},{"@type":"WebSite","@id":"https:\/\/4kmx.com\/#website","url":"https:\/\/4kmx.com\/","name":"4kmx Adhesivos Motocross","description":"MX Graphics","potentialAction":[{"@type":"SearchAction","target":{"@type":"EntryPoint","urlTemplate":"https:\/\/4kmx.com\/?s={search_term_string}"},"query-input":{"@type":"PropertyValueSpecification","valueRequired":true,"valueName":"search_term_string"}}],"inLanguage":"es"}]}},"_links":{"self":[{"href":"https:\/\/4kmx.com\/index.php\/wp-json\/wp\/v2\/pages\/180","targetHints":{"allow":["GET"]}}],"collection":[{"href":"https:\/\/4kmx.com\/index.php\/wp-json\/wp\/v2\/pages"}],"about":[{"href":"https:\/\/4kmx.com\/index.php\/wp-json\/wp\/v2\/types\/page"}],"author":[{"embeddable":true,"href":"https:\/\/4kmx.com\/index.php\/wp-json\/wp\/v2\/users\/1"}],"replies":[{"embeddable":true,"href":"https:\/\/4kmx.com\/index.php\/wp-json\/wp\/v2\/comments?post=180"}],"version-history":[{"count":4,"href":"https:\/\/4kmx.com\/index.php\/wp-json\/wp\/v2\/pages\/180\/revisions"}],"predecessor-version":[{"id":1507,"href":"https:\/\/4kmx.com\/index.php\/wp-json\/wp\/v2\/pages\/180\/revisions\/1507"}],"wp:attachment":[{"href":"https:\/\/4kmx.com\/index.php\/wp-json\/wp\/v2\/media?parent=180"}],"curies":[{"name":"wp","href":"https:\/\/api.w.org\/{rel}","templated":true}]}}