{"id":162,"date":"2016-03-09T08:59:08","date_gmt":"2016-03-09T08:59:08","guid":{"rendered":"http:\/\/4kmx.com\/?page_id=162"},"modified":"2023-12-14T17:41:51","modified_gmt":"2023-12-14T17:41:51","slug":"precios","status":"publish","type":"page","link":"https:\/\/4kmx.com\/index.php\/precios\/","title":{"rendered":"Precios (IVA no incluido)"},"content":{"rendered":"<div class=\"page\" title=\"Page 1\">\n<div class=\"layoutArea\">\n<div class=\"column\">\n<p style=\"text-align: center;\"><strong>KIT STANDARD 170 \u20ac<\/strong><\/p>\n<\/div>\n<\/div>\n<div class=\"layoutArea\">\n<div class=\"column\">\n<p>Juego completo de adhesivos para: guardabarros delantero y trasero, aletas laterales radiador, portanu\u0301meros frontal, portanu\u0301meros laterales, basculante, protectores de horquilla y, si el troquel del fabricante lo incluye, filtro del aire, depo\u0301sito de gasolina, etc&#8230;<\/p>\n<p>Sigue estos sencillos pasos: elije el modelo que ma\u0301s te guste entre todos los que te proponemos (incluyendo los modelos personalizados que ya tenemos preparados), custom\u00edzalo\u00a0con tu nu\u0301mero, tu nombre y la posibilidad de sustituir hasta dos logos por otros que te gusten ma\u0301s. Si quieres incluir alg\u00fan logotipo propio, de tu empresa o sp\u00f3nsor, deber\u00e1s facilit\u00e1rnoslo en formato vectorial para garantizar la m\u00e1xima calidad de impresi\u00f3n. Antes de imprimir te enviaremos un disen\u0303o por correo electro\u0301nico para que compruebes que todo esta\u0301 a tu gusto. Una vez nos hayas dado el ok y realizado el pago tendremos listo tu nuevo kit en tres o cuatro di\u0301as laborables.<\/p>\n<\/div>\n<\/div>\n<\/div>\n<div class=\"page\" title=\"Page 1\">\n<div class=\"layoutArea\">\n<div class=\"column\">\n<p style=\"text-align: center;\"><strong>KIT 50-65 C.C. y PIT BIKE 110 \u20ac<\/strong><\/p>\n<\/div>\n<\/div>\n<div class=\"layoutArea\">\n<div class=\"column\">\n<p>Con las mismas caracteri\u0301sticas que el Kit Standard pero con menor precio, ya que se emplea menos material. Se incluyen en este tipo de Kit las motos de 50 &#8211; 65 c.c. y las Pit Bikes.<\/p>\n<p style=\"text-align: center;\"><strong>KIT PERSONALIZADO<\/strong><\/p>\n<p>El li\u0301mite es tu imaginacio\u0301n, cue\u0301ntanos que\u0301 se te ha ocurrido y valoraremos la complejidad\u00a0del trabajo:<br \/>\n<strong>Personalizaci\u00f3n Simple:<\/strong> 20 \u20ac<br \/>\n<strong>Personalizaci\u00f3n Media:<\/strong>\u00a040 \u20ac<br \/>\n<strong>Personalizaci\u00f3n Compleja:<\/strong>\u00a060 \u20ac<\/p>\n<p>Adema\u0301s de llevar a cabo tu dise\u00f1o, podemos emplear materiales especiales tales como vinilos dorados o cromados para ciertos elementos, fibra de carbono, impresio\u0301n sobre vinilo plateado, transparente, etc&#8230;<\/p>\n<p>Si perteneces un equipo o eres propietario de una tienda tenemos descuentos\u00a0especiales por cantidad.<\/p>\n<\/div>\n<p style=\"text-align: center;\"><strong>KIT\u00a0COMBO PL\u00c1STICA + ADHESIVOS + PEGADO\u00a0280 \u20ac<\/strong><\/p>\n<p style=\"text-align: left;\">Juego completo de adhesivos con las mismas caracter\u00edsticas del Kit Standard y pl\u00e1stica Full Kit (guardabarros delantero y trasero, aletas laterales radiador, portanu\u0301meros frontal, portanu\u0301meros laterales y protectores de horquilla, los kits de enduro no incluyen\u00a0careta de faro). Te entregamos los adhesivos montados en la pl\u00e1stica para que s\u00f3lo tengas que atornillarlos.<\/p>\n<p style=\"text-align: left;\">Pregunta disponibilidad para tu moto<\/p>\n<div class=\"column\">\n<p style=\"text-align: center;\"><strong>KIT DORSALES 65 \u20ac<\/strong><\/p>\n<p>Adhesivos para el portan\u00fameros frontal y los dos portan\u00fameros laterales. Con el troquel espec\u00edfico de tu moto y personalizados con tu n\u00famero y tu nombre.<\/p>\n<p style=\"text-align: center;\"><strong>MINI KIT 35 \u20ac<\/strong><\/p>\n<p>Kit de adhesivos que incluye protectores para las barras superiores de la horquilla, tap\u00f3n del radiador, bujes y algunos otros elementos para decorar tu moto. Elije entre los modelos que te ofrecemos.<\/p>\n<p style=\"text-align: center;\"><strong>KIT QUAD 220 \u20ac<\/strong><\/p>\n<p>Si eres piloto de Quad y quieres diferenciarte del resto, esta es tu eleccio\u0301n.<\/p>\n<p style=\"text-align: center;\"><strong>OTROS PRODUCTOS<\/strong><\/p>\n<p>Estampacio\u0301n de camisetas, personalizacio\u0301n de caballetes, rotulacio\u0301n de furgonetas y remolques&#8230; Si no te apetece\u00a0de hacerlo tu mismo, tenemos un servicio que incluye el montaje de los adhesivos, con posibilidad de hacerlo sobre\u00a0pla\u0301stica nueva. Consu\u0301ltanos lo que necesites.<\/p>\n<p style=\"text-align: center;\"><strong>GASTOS DE ENVI\u0301O<\/strong><\/p>\n<p>Portes gratis para pedidos superiores a 300 \u20ac. Tarifa plana para toda la Peni\u0301nsula: 6 \u20ac. Consultar para otros destinos.<\/p>\n<p style=\"text-align: center;\"><strong>CALIDADES<\/strong><\/p>\n<p>Existen numerosos fabricantes de vinilos pero so\u0301lo uno esta\u0301 homologado en USA para las motos del campeonato AMA. En 4kmx so\u0301lo usamos este material, vinilo Substance modelo X1. Ma\u0301ximo agarre para superficies complicadas.<\/p>\n<p>Nuestro laminado es el ma\u0301s grueso del mercado, ma\u0301s del doble del que usan otros fabricantes. Casi 1 mm de grosor, no deja residuos y cuenta con sistema anti UVI para proteger los colores y evitar el deterioro a color amarillento de la la\u0301mina. Somos importadores exclusivos para Espan\u0303a.<\/p>\n<\/div>\n<p>Queremos comenzar esta andadura con la seguridad de que os vamos a ofrecer lo mejor que existe en el mercado a un precio imbatible. Por eso so\u0301lo empleamos en nuestra fabricacio\u0301n:<br \/>\n\u00b7 El <strong>mejor vinilo<\/strong>: Substance X1.<br \/>\n\u00b7 El <strong>mejor laminado<\/strong> con casi 1mm de grosor.<br \/>\n\u00b7 La <strong>mejor ma\u0301quina de impresio\u0301n<\/strong> digital: HP LATEX 2016 modelo 370, que garantiza negros puros y colores vivos, con un perfil de color personalizado para lograr colores precisos en cada material. Nuestra ma\u0301quina no deja rayas en la impresio\u0301n y los colores, con una saturacio\u0301n del 120%, no tienen comparacio\u0301n.<br \/>\n\u00b7 La <strong>mejor laminadora<\/strong> t\u00e9rmica: para una adhesi\u00f3n perfecta de la lamina al vinilo.<br \/>\n\u00b7 La <strong>mejor mesa plana de corte CNC<\/strong>: lector la\u0301ser y cuchillas con ban\u0303o de diamante para un corte preciso y limpio.<br \/>\n\u00b7 El <strong>mejor equipo de disen\u0303o<\/strong>: casi 20 an\u0303os de experiencia dentro del sector de la impresio\u0301n digital y el disen\u0303o gra\u0301fico.<\/p>\n<\/div>\n<\/div>\n","protected":false},"excerpt":{"rendered":"<p>KIT STANDARD 170 \u20ac Juego completo de adhesivos para: guardabarros delantero y trasero, aletas laterales radiador, portanu\u0301meros frontal, portanu\u0301meros laterales, basculante, protectores de horquilla y, si el troquel del fabricante lo incluye, filtro del aire, depo\u0301sito de gasolina, etc&#8230; Sigue estos sencillos pasos: elije el modelo que ma\u0301s te guste entre todos los que te [&hellip;]<\/p>\n","protected":false},"author":1,"featured_media":0,"parent":0,"menu_order":0,"comment_status":"closed","ping_status":"closed","template":"template-fullwidth.php","meta":{"footnotes":""},"class_list":["post-162","page","type-page","status-publish","hentry"],"yoast_head":"<!-- This site is optimized with the Yoast SEO plugin v26.6 - https:\/\/yoast.com\/wordpress\/plugins\/seo\/ -->\n<title>Precios (IVA no incluido) - 4kmx Adhesivos Motocross<\/title>\n<meta name=\"robots\" content=\"index, follow, max-snippet:-1, max-image-preview:large, max-video-preview:-1\" \/>\n<link rel=\"canonical\" href=\"https:\/\/4kmx.com\/index.php\/precios\/\" \/>\n<meta property=\"og:locale\" content=\"es_ES\" \/>\n<meta property=\"og:type\" content=\"article\" \/>\n<meta property=\"og:title\" content=\"Precios (IVA no incluido) - 4kmx Adhesivos Motocross\" \/>\n<meta property=\"og:description\" content=\"KIT STANDARD 170 \u20ac Juego completo de adhesivos para: guardabarros delantero y trasero, aletas laterales radiador, portanu\u0301meros frontal, portanu\u0301meros laterales, basculante, protectores de horquilla y, si el troquel del fabricante lo incluye, filtro del aire, depo\u0301sito de gasolina, etc&#8230; Sigue estos sencillos pasos: elije el modelo que ma\u0301s te guste entre todos los que te [&hellip;]\" \/>\n<meta property=\"og:url\" content=\"https:\/\/4kmx.com\/index.php\/precios\/\" \/>\n<meta property=\"og:site_name\" content=\"4kmx Adhesivos Motocross\" \/>\n<meta property=\"article:modified_time\" content=\"2023-12-14T17:41:51+00:00\" \/>\n<meta name=\"twitter:card\" content=\"summary_large_image\" \/>\n<meta name=\"twitter:label1\" content=\"Tiempo de lectura\" \/>\n\t<meta name=\"twitter:data1\" content=\"4 minutos\" \/>\n<script type=\"application\/ld+json\" class=\"yoast-schema-graph\">{\"@context\":\"https:\/\/schema.org\",\"@graph\":[{\"@type\":\"WebPage\",\"@id\":\"https:\/\/4kmx.com\/index.php\/precios\/\",\"url\":\"https:\/\/4kmx.com\/index.php\/precios\/\",\"name\":\"Precios (IVA no incluido) - 4kmx Adhesivos Motocross\",\"isPartOf\":{\"@id\":\"https:\/\/4kmx.com\/#website\"},\"datePublished\":\"2016-03-09T08:59:08+00:00\",\"dateModified\":\"2023-12-14T17:41:51+00:00\",\"breadcrumb\":{\"@id\":\"https:\/\/4kmx.com\/index.php\/precios\/#breadcrumb\"},\"inLanguage\":\"es\",\"potentialAction\":[{\"@type\":\"ReadAction\",\"target\":[\"https:\/\/4kmx.com\/index.php\/precios\/\"]}]},{\"@type\":\"BreadcrumbList\",\"@id\":\"https:\/\/4kmx.com\/index.php\/precios\/#breadcrumb\",\"itemListElement\":[{\"@type\":\"ListItem\",\"position\":1,\"name\":\"Portada\",\"item\":\"https:\/\/4kmx.com\/\"},{\"@type\":\"ListItem\",\"position\":2,\"name\":\"Precios (IVA no incluido)\"}]},{\"@type\":\"WebSite\",\"@id\":\"https:\/\/4kmx.com\/#website\",\"url\":\"https:\/\/4kmx.com\/\",\"name\":\"4kmx Adhesivos Motocross\",\"description\":\"MX Graphics\",\"potentialAction\":[{\"@type\":\"SearchAction\",\"target\":{\"@type\":\"EntryPoint\",\"urlTemplate\":\"https:\/\/4kmx.com\/?s={search_term_string}\"},\"query-input\":{\"@type\":\"PropertyValueSpecification\",\"valueRequired\":true,\"valueName\":\"search_term_string\"}}],\"inLanguage\":\"es\"}]}<\/script>\n<!-- \/ Yoast SEO plugin. -->","yoast_head_json":{"title":"Precios (IVA no incluido) - 4kmx Adhesivos Motocross","robots":{"index":"index","follow":"follow","max-snippet":"max-snippet:-1","max-image-preview":"max-image-preview:large","max-video-preview":"max-video-preview:-1"},"canonical":"https:\/\/4kmx.com\/index.php\/precios\/","og_locale":"es_ES","og_type":"article","og_title":"Precios (IVA no incluido) - 4kmx Adhesivos Motocross","og_description":"KIT STANDARD 170 \u20ac Juego completo de adhesivos para: guardabarros delantero y trasero, aletas laterales radiador, portanu\u0301meros frontal, portanu\u0301meros laterales, basculante, protectores de horquilla y, si el troquel del fabricante lo incluye, filtro del aire, depo\u0301sito de gasolina, etc&#8230; Sigue estos sencillos pasos: elije el modelo que ma\u0301s te guste entre todos los que te [&hellip;]","og_url":"https:\/\/4kmx.com\/index.php\/precios\/","og_site_name":"4kmx Adhesivos Motocross","article_modified_time":"2023-12-14T17:41:51+00:00","twitter_card":"summary_large_image","twitter_misc":{"Tiempo de lectura":"4 minutos"},"schema":{"@context":"https:\/\/schema.org","@graph":[{"@type":"WebPage","@id":"https:\/\/4kmx.com\/index.php\/precios\/","url":"https:\/\/4kmx.com\/index.php\/precios\/","name":"Precios (IVA no incluido) - 4kmx Adhesivos Motocross","isPartOf":{"@id":"https:\/\/4kmx.com\/#website"},"datePublished":"2016-03-09T08:59:08+00:00","dateModified":"2023-12-14T17:41:51+00:00","breadcrumb":{"@id":"https:\/\/4kmx.com\/index.php\/precios\/#breadcrumb"},"inLanguage":"es","potentialAction":[{"@type":"ReadAction","target":["https:\/\/4kmx.com\/index.php\/precios\/"]}]},{"@type":"BreadcrumbList","@id":"https:\/\/4kmx.com\/index.php\/precios\/#breadcrumb","itemListElement":[{"@type":"ListItem","position":1,"name":"Portada","item":"https:\/\/4kmx.com\/"},{"@type":"ListItem","position":2,"name":"Precios (IVA no incluido)"}]},{"@type":"WebSite","@id":"https:\/\/4kmx.com\/#website","url":"https:\/\/4kmx.com\/","name":"4kmx Adhesivos Motocross","description":"MX Graphics","potentialAction":[{"@type":"SearchAction","target":{"@type":"EntryPoint","urlTemplate":"https:\/\/4kmx.com\/?s={search_term_string}"},"query-input":{"@type":"PropertyValueSpecification","valueRequired":true,"valueName":"search_term_string"}}],"inLanguage":"es"}]}},"_links":{"self":[{"href":"https:\/\/4kmx.com\/index.php\/wp-json\/wp\/v2\/pages\/162","targetHints":{"allow":["GET"]}}],"collection":[{"href":"https:\/\/4kmx.com\/index.php\/wp-json\/wp\/v2\/pages"}],"about":[{"href":"https:\/\/4kmx.com\/index.php\/wp-json\/wp\/v2\/types\/page"}],"author":[{"embeddable":true,"href":"https:\/\/4kmx.com\/index.php\/wp-json\/wp\/v2\/users\/1"}],"replies":[{"embeddable":true,"href":"https:\/\/4kmx.com\/index.php\/wp-json\/wp\/v2\/comments?post=162"}],"version-history":[{"count":27,"href":"https:\/\/4kmx.com\/index.php\/wp-json\/wp\/v2\/pages\/162\/revisions"}],"predecessor-version":[{"id":1674,"href":"https:\/\/4kmx.com\/index.php\/wp-json\/wp\/v2\/pages\/162\/revisions\/1674"}],"wp:attachment":[{"href":"https:\/\/4kmx.com\/index.php\/wp-json\/wp\/v2\/media?parent=162"}],"curies":[{"name":"wp","href":"https:\/\/api.w.org\/{rel}","templated":true}]}}